{"id":676,"date":"2019-02-25T13:44:51","date_gmt":"2019-02-25T13:44:51","guid":{"rendered":"http:\/\/createxproject.eu\/?page_id=676"},"modified":"2019-05-02T07:59:55","modified_gmt":"2019-05-02T07:59:55","slug":"open-call","status":"publish","type":"page","link":"https:\/\/createxproject.eu\/creawp\/project\/open-call\/","title":{"rendered":"Open Call"},"content":{"rendered":"<p>All partners of Createx Project are\u00a0<strong>launching a call in their own countries\u00a0to award\u00a03 grants to 3 young designers under 30 <\/strong>interested in designing contemporary products in a European context, drawing inspiration from archival materials.<\/p>\n<p>The grants are aimed at enabling <strong>creative residencies<\/strong> abroad and creating <strong>textile, fashion or interior design mini collections<\/strong> inspired by textile and clothing heritage. These mini collections will be the subject of an international exhibition in several locations with an accompanying catalogue, giving participants an important opportunity for visibility at a European level.<\/p>\n<p>Look below\u00a0to discover each partner&#8217;s call.<\/p>\n<p><a>Prato Textile Museum Foundation , lead partner (Italy)<\/a><\/p>\n<p><a href=\"http:\/\/www.museodeltessuto.it\" target=\"_blank\" rel=\"noopener noreferrer\"><img decoding=\"async\" data-src=\"https:\/\/createxproject.eu\/creawp\/wp-content\/uploads\/2018\/11\/mtp.jpg\" alt=\"\" width=\"220\" height=\"70\" src=\"data:image\/svg+xml;base64,PHN2ZyB3aWR0aD0iMSIgaGVpZ2h0PSIxIiB4bWxucz0iaHR0cDovL3d3dy53My5vcmcvMjAwMC9zdmciPjwvc3ZnPg==\" class=\"lazyload\" style=\"--smush-placeholder-width: 220px; --smush-placeholder-aspect-ratio: 220\/70;\" \/><\/a>Below you can download the <b>documents <\/b>(in a zip file) <b>to apply the Open Call of Prato Textile Museum<\/b> in English and Italian language.<\/p>\n<p><a href=\"https:\/\/createxproject.eu\/creawp\/wp-content\/uploads\/2019\/03\/Avviso-Prato-ITA.zip\"><img decoding=\"async\" data-src=\"https:\/\/createxproject.eu\/creawp\/wp-content\/uploads\/2019\/03\/bottone_italiano-300x52.jpg\" alt=\"\" width=\"300\" height=\"52\" src=\"data:image\/svg+xml;base64,PHN2ZyB3aWR0aD0iMSIgaGVpZ2h0PSIxIiB4bWxucz0iaHR0cDovL3d3dy53My5vcmcvMjAwMC9zdmciPjwvc3ZnPg==\" class=\"lazyload\" style=\"--smush-placeholder-width: 300px; --smush-placeholder-aspect-ratio: 300\/52;\" \/><\/a><a href=\"https:\/\/createxproject.eu\/creawp\/wp-content\/uploads\/2019\/03\/Call-Prato-ENG.zip\"><img decoding=\"async\" data-src=\"https:\/\/createxproject.eu\/creawp\/wp-content\/uploads\/2019\/03\/bottone_inglese-300x52.jpg\" alt=\"\" width=\"300\" height=\"52\" src=\"data:image\/svg+xml;base64,PHN2ZyB3aWR0aD0iMSIgaGVpZ2h0PSIxIiB4bWxucz0iaHR0cDovL3d3dy53My5vcmcvMjAwMC9zdmciPjwvc3ZnPg==\" class=\"lazyload\" style=\"--smush-placeholder-width: 300px; --smush-placeholder-aspect-ratio: 300\/52;\" \/><\/a><\/p>\n<p>Please read carefully the <b>Notice of Selection<\/b> and fill the <b>Application Form.<\/b><\/p>\n<p><b>Date of publication: 15 March 2019<\/b><br \/>\n<b>Deadline of the call: 15 May 2019<\/b><br \/>\nEmail: <a href=\"mailto:mailto prato@createxproject.eu\">prato@createxproject.eu<\/a><\/p>\n<p><a>Santo Tirso Municipality (Portugal)<\/a><\/p>\n<p><a href=\"http:\/\/www.cm-stirso.pt\" target=\"_blank\" rel=\"noopener noreferrer\"><img decoding=\"async\" data-src=\"https:\/\/createxproject.eu\/creawp\/wp-content\/uploads\/2018\/11\/santotirso.jpg\" alt=\"\" width=\"78\" height=\"70\" src=\"data:image\/svg+xml;base64,PHN2ZyB3aWR0aD0iMSIgaGVpZ2h0PSIxIiB4bWxucz0iaHR0cDovL3d3dy53My5vcmcvMjAwMC9zdmciPjwvc3ZnPg==\" class=\"lazyload\" style=\"--smush-placeholder-width: 78px; --smush-placeholder-aspect-ratio: 78\/70;\" \/><\/a><\/p>\n<p>The Open Call of Santo Tirso Municipality is available <a href=\"https:\/\/www.cm-stirso.pt\/investir\/invest-santo-tirso\/invest-santo-tirso-o-seu-ponto-de-apoio-para-investir\/createx-heranca-cultural-na-inspiracao-da-criatividade\/createx-residencias-criativas\" target=\"_blank\" rel=\"noopener noreferrer\">here<\/a><\/p>\n<p>Deadline of the call:\u00a0<strong>17th May 2019<\/strong><\/p>\n<p><a>Nordiska Textilakademin (Sweden)<\/a><\/p>\n<p><a href=\"http:\/\/www.nordiskatextilakademin.se\" target=\"_blank\" rel=\"noopener noreferrer\"><img decoding=\"async\" data-src=\"https:\/\/createxproject.eu\/creawp\/wp-content\/uploads\/2018\/11\/nordiska.jpg\" alt=\"\" width=\"82\" height=\"70\" src=\"data:image\/svg+xml;base64,PHN2ZyB3aWR0aD0iMSIgaGVpZ2h0PSIxIiB4bWxucz0iaHR0cDovL3d3dy53My5vcmcvMjAwMC9zdmciPjwvc3ZnPg==\" class=\"lazyload\" style=\"--smush-placeholder-width: 82px; --smush-placeholder-aspect-ratio: 82\/70;\" \/><\/a> The Open Call of Nordiska Textielakademin is available <a href=\"http:\/\/www.nordiskatextilakademin.se\/projekt\/createx\/\" target=\"_blank\" rel=\"noopener noreferrer\">here.<\/a><br \/>\nYou can download from here the <a href=\"https:\/\/createxproject.eu\/creawp\/wp-content\/uploads\/2019\/04\/Notice-of-Selection-Young-designers-Createx-Project-Boras.pdf\">Notice-of-Selection<\/a> and <a href=\"https:\/\/createxproject.eu\/creawp\/wp-content\/uploads\/2019\/03\/Application-Form-Grants-for-young-designers-CREATEX-Project-Bor\u00e5s.pdf\">Application form<\/a>.<br \/>\n<b>Date of publication: 15 March 2019<\/b><br \/>\nDeadline of the call: 23 April 2019<\/p>\n<p><a>Strzemi\u0144ski Academy Of Fine Arts \u0141\u00f3d\u017a (Poland)<\/a><\/p>\n<p><a href=\"https:\/\/www.asp.lodz.pl\/\" target=\"_blank\" rel=\"noopener noreferrer\"><img decoding=\"async\" data-src=\"https:\/\/createxproject.eu\/creawp\/wp-content\/uploads\/2018\/11\/akademia-stutz.jpg\" alt=\"\" width=\"148\" height=\"70\" src=\"data:image\/svg+xml;base64,PHN2ZyB3aWR0aD0iMSIgaGVpZ2h0PSIxIiB4bWxucz0iaHR0cDovL3d3dy53My5vcmcvMjAwMC9zdmciPjwvc3ZnPg==\" class=\"lazyload\" style=\"--smush-placeholder-width: 148px; --smush-placeholder-aspect-ratio: 148\/70;\" \/><\/a><\/p>\n<p>The Open Call of Strzemi\u0144ski Academy fo Fine Arts\u00a0\u00a0\u0141\u00f3d\u017a \u00a0is available <a href=\"http:\/\/www.asp.lodz.pl\">here.<\/a><\/p>\n<p>You can download from here the Polish version of the Notice of Selection (<a href=\"https:\/\/createxproject.eu\/creawp\/wp-content\/uploads\/2019\/04\/Og\u0142oszenie-o-naborze-do-pobrania.pdf\">Og\u0142oszenie<\/a>) and the Application Form (<a href=\"https:\/\/createxproject.eu\/creawp\/wp-content\/uploads\/2019\/04\/Formularz-zg\u0142oszeniowy-do-pobrania.pdf\">Formularz<\/a>)<br \/>\nDate of publication: 1 April 2019<br \/>\nDeadline of the call: 15 May 2019<\/p>\n<p><a>The City Council Of Gironella (Spain)<\/a><\/p>\n<p><a href=\"http:\/\/www.gironella.cat\"><img decoding=\"async\" data-src=\"https:\/\/createxproject.eu\/creawp\/wp-content\/uploads\/2019\/01\/gironella-emblema-1-300x131.jpg\" alt=\"\" width=\"213\" height=\"93\" src=\"data:image\/svg+xml;base64,PHN2ZyB3aWR0aD0iMSIgaGVpZ2h0PSIxIiB4bWxucz0iaHR0cDovL3d3dy53My5vcmcvMjAwMC9zdmciPjwvc3ZnPg==\" class=\"lazyload\" style=\"--smush-placeholder-width: 213px; --smush-placeholder-aspect-ratio: 213\/93;\" \/><\/a><\/p>\n<p>Please see the call <a href=\"http:\/\/gironella.cat\/index.php\/actualitat\/noticies\/ajuntament\/862-les-beques-formen-part-del-projecte-europeu-createx\" target=\"_blank\" rel=\"noopener noreferrer\">here.<\/a><\/p>\n<p><a href=\"https:\/\/createxproject.eu\/creawp\/wp-content\/uploads\/2019\/04\/bases_createx_definitives.pdf\" rel=\"noopener\">DOWNLOAD THE CALL<\/a> (spanish language)<\/p>\n","protected":false},"excerpt":{"rendered":"<p>All partners of Createx Project are\u00a0launching a call in their own countries\u00a0to award\u00a03 grants to 3 young designers under 30 interested in designing contemporary products in a European context, drawing inspiration from archival materials. The grants are aimed at enabling creative residencies abroad and creating textile, fashion or interior design mini collections inspired by textile [&hellip;]<\/p>\n","protected":false},"author":1,"featured_media":0,"parent":303,"menu_order":0,"comment_status":"closed","ping_status":"closed","template":"templates\/full-width-page.php","meta":{"footnotes":""},"class_list":["post-676","page","type-page","status-publish","hentry"],"_links":{"self":[{"href":"https:\/\/createxproject.eu\/creawp\/wp-json\/wp\/v2\/pages\/676","targetHints":{"allow":["GET"]}}],"collection":[{"href":"https:\/\/createxproject.eu\/creawp\/wp-json\/wp\/v2\/pages"}],"about":[{"href":"https:\/\/createxproject.eu\/creawp\/wp-json\/wp\/v2\/types\/page"}],"author":[{"embeddable":true,"href":"https:\/\/createxproject.eu\/creawp\/wp-json\/wp\/v2\/users\/1"}],"replies":[{"embeddable":true,"href":"https:\/\/createxproject.eu\/creawp\/wp-json\/wp\/v2\/comments?post=676"}],"version-history":[{"count":1,"href":"https:\/\/createxproject.eu\/creawp\/wp-json\/wp\/v2\/pages\/676\/revisions"}],"predecessor-version":[{"id":768,"href":"https:\/\/createxproject.eu\/creawp\/wp-json\/wp\/v2\/pages\/676\/revisions\/768"}],"up":[{"embeddable":true,"href":"https:\/\/createxproject.eu\/creawp\/wp-json\/wp\/v2\/pages\/303"}],"wp:attachment":[{"href":"https:\/\/createxproject.eu\/creawp\/wp-json\/wp\/v2\/media?parent=676"}],"curies":[{"name":"wp","href":"https:\/\/api.w.org\/{rel}","templated":true}]}}