{"id":1027,"date":"2019-06-27T08:58:30","date_gmt":"2019-06-27T08:58:30","guid":{"rendered":"http:\/\/createxproject.eu\/?page_id=1027"},"modified":"2019-11-11T16:09:40","modified_gmt":"2019-11-11T16:09:40","slug":"weronika-cudna","status":"publish","type":"page","link":"https:\/\/createxproject.eu\/creawp\/designers\/weronika-cudna\/","title":{"rendered":"Weronika Cudna"},"content":{"rendered":"\t\t<div data-elementor-type=\"wp-page\" data-elementor-id=\"1027\" class=\"elementor elementor-1027\">\n\t\t\t\t\t\t<section class=\"elementor-section elementor-top-section elementor-element elementor-element-9f176b8 elementor-section-boxed elementor-section-height-default elementor-section-height-default\" data-id=\"9f176b8\" data-element_type=\"section\" data-e-type=\"section\">\n\t\t\t\t\t\t<div class=\"elementor-container elementor-column-gap-default\">\n\t\t\t\t\t<div class=\"elementor-column elementor-col-66 elementor-top-column elementor-element elementor-element-3efd2e6\" data-id=\"3efd2e6\" data-element_type=\"column\" data-e-type=\"column\">\n\t\t\t<div class=\"elementor-widget-wrap elementor-element-populated\">\n\t\t\t\t\t\t<div class=\"elementor-element elementor-element-5235755 elementor-widget elementor-widget-video\" data-id=\"5235755\" data-element_type=\"widget\" data-e-type=\"widget\" data-settings=\"{&quot;youtube_url&quot;:&quot;https:\\\/\\\/youtu.be\\\/ZOqmSKrXAmA&quot;,&quot;yt_privacy&quot;:&quot;yes&quot;,&quot;video_type&quot;:&quot;youtube&quot;,&quot;controls&quot;:&quot;yes&quot;}\" data-widget_type=\"video.default\">\n\t\t\t\t<div class=\"elementor-widget-container\">\n\t\t\t\t\t\t\t<div class=\"elementor-wrapper elementor-open-inline\">\n\t\t\t<div class=\"elementor-video\"><\/div>\t\t<\/div>\n\t\t\t\t\t\t<\/div>\n\t\t\t\t<\/div>\n\t\t\t\t\t<\/div>\n\t\t<\/div>\n\t\t\t\t<div class=\"elementor-column elementor-col-33 elementor-top-column elementor-element elementor-element-adf39cc\" data-id=\"adf39cc\" data-element_type=\"column\" data-e-type=\"column\">\n\t\t\t<div class=\"elementor-widget-wrap elementor-element-populated\">\n\t\t\t\t\t\t<div class=\"elementor-element elementor-element-f5aebea elementor-widget elementor-widget-text-editor\" data-id=\"f5aebea\" data-element_type=\"widget\" data-e-type=\"widget\" data-widget_type=\"text-editor.default\">\n\t\t\t\t<div class=\"elementor-widget-container\">\n\t\t\t\t\t\t\t\t\t<p class=\"western\"><span lang=\"en-US\">Weronika Cudna is a first year BA student at the Faculty of Textile Art and Fashion Design at the Strzemi\u0144ski Academy of Fine Arts in \u0141\u00f3d\u017a. Besides the interests in fashion design and knittwear she is also very keen on experimenting with textile materials in order to produce unique fabrics.<\/span><\/p><p style=\"margin-bottom: 0cm;\"><span lang=\"en-US\">\u00a0<\/span><\/p><p style=\"margin-bottom: 0cm;\"><a href=\"https:\/\/createxproject.eu\/creawp\/wp-content\/uploads\/2019\/06\/Createx_Wronika-Cudna_compressed.pdf\">Weronika Cudna &#8211; project<\/a> [pdf]<\/p>\t\t\t\t\t\t\t\t<\/div>\n\t\t\t\t<\/div>\n\t\t\t\t\t<\/div>\n\t\t<\/div>\n\t\t\t\t\t<\/div>\n\t\t<\/section>\n\t\t\t\t<section class=\"elementor-section elementor-top-section elementor-element elementor-element-c723cb2 elementor-section-boxed elementor-section-height-default elementor-section-height-default\" data-id=\"c723cb2\" data-element_type=\"section\" data-e-type=\"section\">\n\t\t\t\t\t\t<div class=\"elementor-container elementor-column-gap-default\">\n\t\t\t\t\t<div class=\"elementor-column elementor-col-100 elementor-top-column elementor-element elementor-element-e402434\" data-id=\"e402434\" data-element_type=\"column\" data-e-type=\"column\">\n\t\t\t<div class=\"elementor-widget-wrap elementor-element-populated\">\n\t\t\t\t\t\t<div class=\"elementor-element elementor-element-be4cbf1 elementor-widget elementor-widget-image-gallery\" data-id=\"be4cbf1\" data-element_type=\"widget\" data-e-type=\"widget\" data-widget_type=\"image-gallery.default\">\n\t\t\t\t<div class=\"elementor-widget-container\">\n\t\t\t\t\t\t\t<div class=\"elementor-image-gallery\">\n\t\t\t<div id='gallery-1' class='gallery galleryid-1027 gallery-columns-6 gallery-size-thumbnail'><figure class='gallery-item'>\n\t\t\t<div class='gallery-icon landscape'>\n\t\t\t\t<a data-elementor-open-lightbox=\"no\" href='https:\/\/createxproject.eu\/creawp\/wp-content\/uploads\/2019\/06\/Weonica-Cudna-project-concept1.jpg' data-lightbox=\"gal[1027]\"><img decoding=\"async\" width=\"150\" height=\"150\" data-src=\"https:\/\/createxproject.eu\/creawp\/wp-content\/uploads\/2019\/06\/Weonica-Cudna-project-concept1-150x150.jpg\" class=\"attachment-thumbnail size-thumbnail lazyload\" alt=\"\" data-srcset=\"https:\/\/createxproject.eu\/creawp\/wp-content\/uploads\/2019\/06\/Weonica-Cudna-project-concept1-150x150.jpg 150w, https:\/\/createxproject.eu\/creawp\/wp-content\/uploads\/2019\/06\/Weonica-Cudna-project-concept1-100x100.jpg 100w\" data-sizes=\"(max-width: 150px) 100vw, 150px\" src=\"data:image\/svg+xml;base64,PHN2ZyB3aWR0aD0iMSIgaGVpZ2h0PSIxIiB4bWxucz0iaHR0cDovL3d3dy53My5vcmcvMjAwMC9zdmciPjwvc3ZnPg==\" style=\"--smush-placeholder-width: 150px; --smush-placeholder-aspect-ratio: 150\/150;\" \/><\/a>\n\t\t\t<\/div><\/figure><figure class='gallery-item'>\n\t\t\t<div class='gallery-icon portrait'>\n\t\t\t\t<a data-elementor-open-lightbox=\"no\" href='https:\/\/createxproject.eu\/creawp\/wp-content\/uploads\/2019\/06\/Weonica-Cudna-project-1.jpg' data-lightbox=\"gal[1027]\"><img decoding=\"async\" width=\"150\" height=\"150\" data-src=\"https:\/\/createxproject.eu\/creawp\/wp-content\/uploads\/2019\/06\/Weonica-Cudna-project-1-150x150.jpg\" class=\"attachment-thumbnail size-thumbnail lazyload\" alt=\"\" data-srcset=\"https:\/\/createxproject.eu\/creawp\/wp-content\/uploads\/2019\/06\/Weonica-Cudna-project-1-150x150.jpg 150w, https:\/\/createxproject.eu\/creawp\/wp-content\/uploads\/2019\/06\/Weonica-Cudna-project-1-100x100.jpg 100w\" data-sizes=\"(max-width: 150px) 100vw, 150px\" src=\"data:image\/svg+xml;base64,PHN2ZyB3aWR0aD0iMSIgaGVpZ2h0PSIxIiB4bWxucz0iaHR0cDovL3d3dy53My5vcmcvMjAwMC9zdmciPjwvc3ZnPg==\" style=\"--smush-placeholder-width: 150px; --smush-placeholder-aspect-ratio: 150\/150;\" \/><\/a>\n\t\t\t<\/div><\/figure><figure class='gallery-item'>\n\t\t\t<div class='gallery-icon portrait'>\n\t\t\t\t<a data-elementor-open-lightbox=\"no\" href='https:\/\/createxproject.eu\/creawp\/wp-content\/uploads\/2019\/06\/Weonica-Cudna-project-2.jpg' data-lightbox=\"gal[1027]\"><img decoding=\"async\" width=\"150\" height=\"150\" data-src=\"https:\/\/createxproject.eu\/creawp\/wp-content\/uploads\/2019\/06\/Weonica-Cudna-project-2-150x150.jpg\" class=\"attachment-thumbnail size-thumbnail lazyload\" alt=\"\" data-srcset=\"https:\/\/createxproject.eu\/creawp\/wp-content\/uploads\/2019\/06\/Weonica-Cudna-project-2-150x150.jpg 150w, https:\/\/createxproject.eu\/creawp\/wp-content\/uploads\/2019\/06\/Weonica-Cudna-project-2-100x100.jpg 100w\" data-sizes=\"(max-width: 150px) 100vw, 150px\" src=\"data:image\/svg+xml;base64,PHN2ZyB3aWR0aD0iMSIgaGVpZ2h0PSIxIiB4bWxucz0iaHR0cDovL3d3dy53My5vcmcvMjAwMC9zdmciPjwvc3ZnPg==\" style=\"--smush-placeholder-width: 150px; --smush-placeholder-aspect-ratio: 150\/150;\" \/><\/a>\n\t\t\t<\/div><\/figure><figure class='gallery-item'>\n\t\t\t<div class='gallery-icon portrait'>\n\t\t\t\t<a data-elementor-open-lightbox=\"no\" href='https:\/\/createxproject.eu\/creawp\/wp-content\/uploads\/2019\/06\/Weonica-Cudna-project-3.jpg' data-lightbox=\"gal[1027]\"><img decoding=\"async\" width=\"150\" height=\"150\" data-src=\"https:\/\/createxproject.eu\/creawp\/wp-content\/uploads\/2019\/06\/Weonica-Cudna-project-3-150x150.jpg\" class=\"attachment-thumbnail size-thumbnail lazyload\" alt=\"\" data-srcset=\"https:\/\/createxproject.eu\/creawp\/wp-content\/uploads\/2019\/06\/Weonica-Cudna-project-3-150x150.jpg 150w, https:\/\/createxproject.eu\/creawp\/wp-content\/uploads\/2019\/06\/Weonica-Cudna-project-3-100x100.jpg 100w\" data-sizes=\"(max-width: 150px) 100vw, 150px\" src=\"data:image\/svg+xml;base64,PHN2ZyB3aWR0aD0iMSIgaGVpZ2h0PSIxIiB4bWxucz0iaHR0cDovL3d3dy53My5vcmcvMjAwMC9zdmciPjwvc3ZnPg==\" style=\"--smush-placeholder-width: 150px; --smush-placeholder-aspect-ratio: 150\/150;\" \/><\/a>\n\t\t\t<\/div><\/figure><figure class='gallery-item'>\n\t\t\t<div class='gallery-icon portrait'>\n\t\t\t\t<a data-elementor-open-lightbox=\"no\" href='https:\/\/createxproject.eu\/creawp\/wp-content\/uploads\/2019\/06\/Weonica-Cudna-project-4.jpg' data-lightbox=\"gal[1027]\"><img decoding=\"async\" width=\"150\" height=\"150\" data-src=\"https:\/\/createxproject.eu\/creawp\/wp-content\/uploads\/2019\/06\/Weonica-Cudna-project-4-150x150.jpg\" class=\"attachment-thumbnail size-thumbnail lazyload\" alt=\"\" data-srcset=\"https:\/\/createxproject.eu\/creawp\/wp-content\/uploads\/2019\/06\/Weonica-Cudna-project-4-150x150.jpg 150w, https:\/\/createxproject.eu\/creawp\/wp-content\/uploads\/2019\/06\/Weonica-Cudna-project-4-100x100.jpg 100w\" data-sizes=\"(max-width: 150px) 100vw, 150px\" src=\"data:image\/svg+xml;base64,PHN2ZyB3aWR0aD0iMSIgaGVpZ2h0PSIxIiB4bWxucz0iaHR0cDovL3d3dy53My5vcmcvMjAwMC9zdmciPjwvc3ZnPg==\" style=\"--smush-placeholder-width: 150px; --smush-placeholder-aspect-ratio: 150\/150;\" \/><\/a>\n\t\t\t<\/div><\/figure><figure class='gallery-item'>\n\t\t\t<div class='gallery-icon landscape'>\n\t\t\t\t<a data-elementor-open-lightbox=\"no\" href='https:\/\/createxproject.eu\/creawp\/wp-content\/uploads\/2019\/06\/Weonica-Cudna-project-5.jpg' data-lightbox=\"gal[1027]\"><img decoding=\"async\" width=\"150\" height=\"150\" data-src=\"https:\/\/createxproject.eu\/creawp\/wp-content\/uploads\/2019\/06\/Weonica-Cudna-project-5-150x150.jpg\" class=\"attachment-thumbnail size-thumbnail lazyload\" alt=\"\" data-srcset=\"https:\/\/createxproject.eu\/creawp\/wp-content\/uploads\/2019\/06\/Weonica-Cudna-project-5-150x150.jpg 150w, https:\/\/createxproject.eu\/creawp\/wp-content\/uploads\/2019\/06\/Weonica-Cudna-project-5-100x100.jpg 100w\" data-sizes=\"(max-width: 150px) 100vw, 150px\" src=\"data:image\/svg+xml;base64,PHN2ZyB3aWR0aD0iMSIgaGVpZ2h0PSIxIiB4bWxucz0iaHR0cDovL3d3dy53My5vcmcvMjAwMC9zdmciPjwvc3ZnPg==\" style=\"--smush-placeholder-width: 150px; --smush-placeholder-aspect-ratio: 150\/150;\" \/><\/a>\n\t\t\t<\/div><\/figure><figure class='gallery-item'>\n\t\t\t<div class='gallery-icon landscape'>\n\t\t\t\t<a data-elementor-open-lightbox=\"no\" href='https:\/\/createxproject.eu\/creawp\/wp-content\/uploads\/2019\/06\/Weonica-Cudna-project-6.jpg' data-lightbox=\"gal[1027]\"><img decoding=\"async\" width=\"150\" height=\"150\" data-src=\"https:\/\/createxproject.eu\/creawp\/wp-content\/uploads\/2019\/06\/Weonica-Cudna-project-6-150x150.jpg\" class=\"attachment-thumbnail size-thumbnail lazyload\" alt=\"\" data-srcset=\"https:\/\/createxproject.eu\/creawp\/wp-content\/uploads\/2019\/06\/Weonica-Cudna-project-6-150x150.jpg 150w, https:\/\/createxproject.eu\/creawp\/wp-content\/uploads\/2019\/06\/Weonica-Cudna-project-6-100x100.jpg 100w\" data-sizes=\"(max-width: 150px) 100vw, 150px\" src=\"data:image\/svg+xml;base64,PHN2ZyB3aWR0aD0iMSIgaGVpZ2h0PSIxIiB4bWxucz0iaHR0cDovL3d3dy53My5vcmcvMjAwMC9zdmciPjwvc3ZnPg==\" style=\"--smush-placeholder-width: 150px; --smush-placeholder-aspect-ratio: 150\/150;\" \/><\/a>\n\t\t\t<\/div><\/figure><figure class='gallery-item'>\n\t\t\t<div class='gallery-icon landscape'>\n\t\t\t\t<a data-elementor-open-lightbox=\"no\" href='https:\/\/createxproject.eu\/creawp\/wp-content\/uploads\/2019\/06\/Weonica-Cudna-project-7.jpg' data-lightbox=\"gal[1027]\"><img decoding=\"async\" width=\"150\" height=\"150\" data-src=\"https:\/\/createxproject.eu\/creawp\/wp-content\/uploads\/2019\/06\/Weonica-Cudna-project-7-150x150.jpg\" class=\"attachment-thumbnail size-thumbnail lazyload\" alt=\"\" data-srcset=\"https:\/\/createxproject.eu\/creawp\/wp-content\/uploads\/2019\/06\/Weonica-Cudna-project-7-150x150.jpg 150w, https:\/\/createxproject.eu\/creawp\/wp-content\/uploads\/2019\/06\/Weonica-Cudna-project-7-100x100.jpg 100w\" data-sizes=\"(max-width: 150px) 100vw, 150px\" src=\"data:image\/svg+xml;base64,PHN2ZyB3aWR0aD0iMSIgaGVpZ2h0PSIxIiB4bWxucz0iaHR0cDovL3d3dy53My5vcmcvMjAwMC9zdmciPjwvc3ZnPg==\" style=\"--smush-placeholder-width: 150px; --smush-placeholder-aspect-ratio: 150\/150;\" \/><\/a>\n\t\t\t<\/div><\/figure><figure class='gallery-item'>\n\t\t\t<div class='gallery-icon portrait'>\n\t\t\t\t<a data-elementor-open-lightbox=\"no\" href='https:\/\/createxproject.eu\/creawp\/wp-content\/uploads\/2019\/06\/Weronika-Cudna1-Copia-3.jpg' data-lightbox=\"gal[1027]\"><img decoding=\"async\" width=\"150\" height=\"150\" data-src=\"https:\/\/createxproject.eu\/creawp\/wp-content\/uploads\/2019\/06\/Weronika-Cudna1-Copia-3-150x150.jpg\" class=\"attachment-thumbnail size-thumbnail lazyload\" alt=\"\" data-srcset=\"https:\/\/createxproject.eu\/creawp\/wp-content\/uploads\/2019\/06\/Weronika-Cudna1-Copia-3-150x150.jpg 150w, https:\/\/createxproject.eu\/creawp\/wp-content\/uploads\/2019\/06\/Weronika-Cudna1-Copia-3-100x100.jpg 100w\" data-sizes=\"(max-width: 150px) 100vw, 150px\" src=\"data:image\/svg+xml;base64,PHN2ZyB3aWR0aD0iMSIgaGVpZ2h0PSIxIiB4bWxucz0iaHR0cDovL3d3dy53My5vcmcvMjAwMC9zdmciPjwvc3ZnPg==\" style=\"--smush-placeholder-width: 150px; --smush-placeholder-aspect-ratio: 150\/150;\" \/><\/a>\n\t\t\t<\/div><\/figure>\n\t\t<\/div>\n\t\t<\/div>\n\t\t\t\t\t\t<\/div>\n\t\t\t\t<\/div>\n\t\t\t\t\t<\/div>\n\t\t<\/div>\n\t\t\t\t\t<\/div>\n\t\t<\/section>\n\t\t\t\t<\/div>\n\t\t","protected":false},"excerpt":{"rendered":"<p>https:\/\/youtu.be\/ZOqmSKrXAmA Weronika Cudna is a first year BA student at the Faculty of Textile Art and Fashion Design at the Strzemi\u0144ski Academy of Fine Arts in \u0141\u00f3d\u017a. Besides the interests in fashion design and knittwear she is also very keen on experimenting with textile materials in order to produce unique fabrics. \u00a0 Weronika Cudna &#8211; [&hellip;]<\/p>\n","protected":false},"author":1,"featured_media":0,"parent":804,"menu_order":0,"comment_status":"closed","ping_status":"closed","template":"templates\/full-width-page.php","meta":{"_exactmetrics_skip_tracking":false,"_exactmetrics_sitenote_active":false,"_exactmetrics_sitenote_note":"","_exactmetrics_sitenote_category":0,"footnotes":""},"class_list":["post-1027","page","type-page","status-publish","hentry"],"_links":{"self":[{"href":"https:\/\/createxproject.eu\/creawp\/wp-json\/wp\/v2\/pages\/1027","targetHints":{"allow":["GET"]}}],"collection":[{"href":"https:\/\/createxproject.eu\/creawp\/wp-json\/wp\/v2\/pages"}],"about":[{"href":"https:\/\/createxproject.eu\/creawp\/wp-json\/wp\/v2\/types\/page"}],"author":[{"embeddable":true,"href":"https:\/\/createxproject.eu\/creawp\/wp-json\/wp\/v2\/users\/1"}],"replies":[{"embeddable":true,"href":"https:\/\/createxproject.eu\/creawp\/wp-json\/wp\/v2\/comments?post=1027"}],"version-history":[{"count":1,"href":"https:\/\/createxproject.eu\/creawp\/wp-json\/wp\/v2\/pages\/1027\/revisions"}],"predecessor-version":[{"id":1252,"href":"https:\/\/createxproject.eu\/creawp\/wp-json\/wp\/v2\/pages\/1027\/revisions\/1252"}],"up":[{"embeddable":true,"href":"https:\/\/createxproject.eu\/creawp\/wp-json\/wp\/v2\/pages\/804"}],"wp:attachment":[{"href":"https:\/\/createxproject.eu\/creawp\/wp-json\/wp\/v2\/media?parent=1027"}],"curies":[{"name":"wp","href":"https:\/\/api.w.org\/{rel}","templated":true}]}}